{"id":2683,"date":"2018-10-05T18:52:21","date_gmt":"2018-10-05T18:52:21","guid":{"rendered":"http:\/\/www.slepecastratores.com.br\/?post_type=product&#038;p=2683"},"modified":"2021-02-12T20:12:26","modified_gmt":"2021-02-12T20:12:26","slug":"filtro-de-ar-secundario","status":"publish","type":"product","link":"https:\/\/www.slepecastratores.com.br\/?product=filtro-de-ar-secundario","title":{"rendered":"Filtro de Ar Secund\u00e1rio Donaldson P611189"},"content":{"rendered":"","protected":false},"excerpt":{"rendered":"<p>Atributos Di\u00e2metro Externo 129 mm (5,08 pol.) Di\u00e2metro Interno 105 mm (4,13 pol.) Comprimento 365,7 mm (14,40 pol.) OD menor 98 mm (3,86 pol.) Teste de Efici\u00eancia Std Fam\u00edlia ISO 5011 Tipo XRB Estilo de Seguran\u00e7a Cone Marca Konepac \u2122<\/p>\n","protected":false},"featured_media":2685,"comment_status":"open","ping_status":"closed","template":"","meta":[],"product_cat":[72],"product_tag":[],"_links":{"self":[{"href":"https:\/\/www.slepecastratores.com.br\/index.php?rest_route=\/wp\/v2\/product\/2683"}],"collection":[{"href":"https:\/\/www.slepecastratores.com.br\/index.php?rest_route=\/wp\/v2\/product"}],"about":[{"href":"https:\/\/www.slepecastratores.com.br\/index.php?rest_route=\/wp\/v2\/types\/product"}],"replies":[{"embeddable":true,"href":"https:\/\/www.slepecastratores.com.br\/index.php?rest_route=%2Fwp%2Fv2%2Fcomments&post=2683"}],"wp:featuredmedia":[{"embeddable":true,"href":"https:\/\/www.slepecastratores.com.br\/index.php?rest_route=\/wp\/v2\/media\/2685"}],"wp:attachment":[{"href":"https:\/\/www.slepecastratores.com.br\/index.php?rest_route=%2Fwp%2Fv2%2Fmedia&parent=2683"}],"wp:term":[{"taxonomy":"product_cat","embeddable":true,"href":"https:\/\/www.slepecastratores.com.br\/index.php?rest_route=%2Fwp%2Fv2%2Fproduct_cat&post=2683"},{"taxonomy":"product_tag","embeddable":true,"href":"https:\/\/www.slepecastratores.com.br\/index.php?rest_route=%2Fwp%2Fv2%2Fproduct_tag&post=2683"}],"curies":[{"name":"wp","href":"https:\/\/api.w.org\/{rel}","templated":true}]}}