{"id":2691,"date":"2018-10-08T18:57:51","date_gmt":"2018-10-08T18:57:51","guid":{"rendered":"http:\/\/www.slepecastratores.com.br\/?post_type=product&#038;p=2691"},"modified":"2025-05-20T10:33:30","modified_gmt":"2025-05-20T10:33:30","slug":"filtro-de-ar-primario-p821883","status":"publish","type":"product","link":"https:\/\/www.slepecastratores.com.br\/?product=filtro-de-ar-primario-p821883","title":{"rendered":"Filtro de Ar Prim\u00e1rio &#8211; P821883 Donaldson"},"content":{"rendered":"","protected":false},"excerpt":{"rendered":"<p>Atributos Di\u00e2metro Externo 207,6 mm (8,17 pol.)<\/p>\n<p>Interno Di\u00e2metro 122,4 mm (4,82 pol.)<\/p>\n<p>Comprimento 357,1 mm (14,06 pol.)<\/p>\n<p>Efici\u00eancia 99,9 Porcento<\/p>\n<p>Teste de Efici\u00eancia Std ISO 5011<\/p>\n<p>Aplica\u00e7\u00e3o Prim\u00e1ria HITACHI 4283861 Tipo Estilo Prim\u00e1rio Radialseal Marca Donaldson<\/p>\n<p>&nbsp;<\/p>\n","protected":false},"featured_media":2694,"comment_status":"open","ping_status":"closed","template":"","meta":[],"product_cat":[72],"product_tag":[],"_links":{"self":[{"href":"https:\/\/www.slepecastratores.com.br\/index.php?rest_route=\/wp\/v2\/product\/2691"}],"collection":[{"href":"https:\/\/www.slepecastratores.com.br\/index.php?rest_route=\/wp\/v2\/product"}],"about":[{"href":"https:\/\/www.slepecastratores.com.br\/index.php?rest_route=\/wp\/v2\/types\/product"}],"replies":[{"embeddable":true,"href":"https:\/\/www.slepecastratores.com.br\/index.php?rest_route=%2Fwp%2Fv2%2Fcomments&post=2691"}],"wp:featuredmedia":[{"embeddable":true,"href":"https:\/\/www.slepecastratores.com.br\/index.php?rest_route=\/wp\/v2\/media\/2694"}],"wp:attachment":[{"href":"https:\/\/www.slepecastratores.com.br\/index.php?rest_route=%2Fwp%2Fv2%2Fmedia&parent=2691"}],"wp:term":[{"taxonomy":"product_cat","embeddable":true,"href":"https:\/\/www.slepecastratores.com.br\/index.php?rest_route=%2Fwp%2Fv2%2Fproduct_cat&post=2691"},{"taxonomy":"product_tag","embeddable":true,"href":"https:\/\/www.slepecastratores.com.br\/index.php?rest_route=%2Fwp%2Fv2%2Fproduct_tag&post=2691"}],"curies":[{"name":"wp","href":"https:\/\/api.w.org\/{rel}","templated":true}]}}